{"id":758,"date":"2017-11-17T16:06:53","date_gmt":"2017-11-17T16:06:53","guid":{"rendered":"http:\/\/cetaguaecuador.com\/web\/web\/web\/?page_id=758"},"modified":"2021-09-13T14:59:55","modified_gmt":"2021-09-13T14:59:55","slug":"cetagua-s-a","status":"publish","type":"page","link":"https:\/\/cetaguaecuador.com\/web\/cetagua-s-a\/","title":{"rendered":"CETAGUA S.A."},"content":{"rendered":"<div class=\"wpb-content-wrapper\"><p>[vc_row css=&#8221;.vc_custom_1499206126840{margin-top: 10px !important;background-color: #d3d3d3 !important;}&#8221;][vc_column width=&#8221;1\/4&#8243; css=&#8221;.vc_custom_1499188279227{background-color: #d3d3d3 !important;}&#8221;][vc_single_image image=&#8221;484&#8243; img_size=&#8221;full&#8221;][\/vc_column][vc_column width=&#8221;1\/2&#8243; css=&#8221;.vc_custom_1499196908209{background-color: #d3d3d3 !important;}&#8221;][vc_wp_text]<\/p>\n<h1>CETAGUA<\/h1>\n<p><strong>CETAGUA S.A.<\/strong> is an Ecuadorian company founded on September 11, 1998, we are a Services company dedicated to:<\/p>\n<ul>\n<li>Solids Control<\/li>\n<li>Power Generation<\/li>\n<li>Equipment Design and Manufacture<\/li>\n<li>Transport and Logistics<\/li>\n<li>Equipment Rental<\/li>\n<li>Spare Parts sale<\/li>\n<li>Warehouse Rental<\/li>\n<\/ul>\n<p>Our base camp in coca has an extensive inventory of parts to guarantee timely and convenient maintenance for your operations supported by our administrative offices and workshop in Quito.[\/vc_wp_text][\/vc_column][vc_column width=&#8221;1\/4&#8243;][vc_single_image image=&#8221;712&#8243; img_size=&#8221;full&#8221;][\/vc_column][\/vc_row][vc_row css=&#8221;.vc_custom_1499206147329{margin-top: 10px !important;border-top-width: 0px !important;padding-top: 0px !important;background-color: #d3d3d3 !important;}&#8221;][vc_column width=&#8221;1\/4&#8243; css=&#8221;.vc_custom_1499197144648{background-color: #d3d3d3 !important;}&#8221;][vc_single_image image=&#8221;484&#8243; img_size=&#8221;full&#8221;][\/vc_column][vc_column width=&#8221;1\/2&#8243; css=&#8221;.vc_custom_1499197472257{background-color: #d3d3d3 !important;}&#8221;][vc_wp_text]<\/p>\n<h1>Pol\u00edtica integrada<\/h1>\n<div class=\"paragraph\">\n<div class=\"paragraph\">CETAGUA S.A. es una empresa de servicios petroleros integrados, que est\u00e1 comprometida con la calidad de sus operaciones, el respeto al medio ambiente, la seguridad y salud de sus colaboradores y partes interesadas, para conseguir la mejora continua de sus procesos, a trav\u00e9s de:<\/div>\n<div class=\"paragraph\">\n<ul>\n<li>La aplicaci\u00f3n y actualizaci\u00f3n en el cumplimiento de las normativas legales vigentes y otros requisitos que la organizaci\u00f3n considere respecto al ambiente, seguridad y salud.<\/li>\n<li>Implantar medidas de prevenci\u00f3n y control, encaminadas a disminuir el impacto ambiental y los riesgos derivados de nuestra actividad.<\/li>\n<li>Concientizaci\u00f3n de aspectos e impactos ambientales, peligros y riesgos asociados a las actividades.<\/li>\n<\/ul>\n<p>&nbsp;<\/p>\n<\/div>\n<\/div>\n<p>[\/vc_wp_text][\/vc_column][vc_column width=&#8221;1\/4&#8243;][vc_single_image image=&#8221;883&#8243; img_size=&#8221;full&#8221; alignment=&#8221;center&#8221;][\/vc_column][\/vc_row][vc_row css=&#8221;.vc_custom_1499206147329{margin-top: 10px !important;border-top-width: 0px !important;padding-top: 0px !important;background-color: #d3d3d3 !important;}&#8221;][vc_column width=&#8221;1\/4&#8243; css=&#8221;.vc_custom_1499197144648{background-color: #d3d3d3 !important;}&#8221;][vc_single_image image=&#8221;484&#8243; img_size=&#8221;full&#8221;][\/vc_column][vc_column width=&#8221;1\/2&#8243; css=&#8221;.vc_custom_1499197472257{background-color: #d3d3d3 !important;}&#8221;][vc_wp_text]<\/p>\n<h1>Administrative and operational structure<\/h1>\n<div class=\"paragraph\">\n<div class=\"paragraph\">\n<p><strong>Administrative offices an workshop at Quito<\/strong><\/p>\n<p>Cetagua has a solid administrative and operational structure which allows it to meet the requirements of its clients in the different areas. With offices strategically located in the north of Quito and its workshop in Panamericana North Avenue make it possible to have a coordinated logistic program that allows the mobilization of all types of machinery and materials.<\/p>\n<p><strong>Base camp and workshops at El Coca<\/strong><\/p>\n<p>Our base camp located in Coca has a total extension of \u200b\u200b40.000 m2. Administrative offices, warehouse, workshop and lodge for personnel. Our base camp in coca has an extensive inventory of parts to guarantee timely and convenient maintenance for your operations supported by our administrative offices and workshop in Quito.<\/p>\n<\/div>\n<div class=\"paragraph\"><\/div>\n<\/div>\n<p>[\/vc_wp_text][\/vc_column][vc_column width=&#8221;1\/4&#8243;][vc_single_image image=&#8221;711&#8243; img_size=&#8221;full&#8221; alignment=&#8221;center&#8221;][\/vc_column][\/vc_row][vc_row css=&#8221;.vc_custom_1499205615916{margin-top: 10px !important;background-color: #d3d3d3 !important;}&#8221;][vc_column width=&#8221;1\/4&#8243; css=&#8221;.vc_custom_1499200021690{background-color: #d3d3d3 !important;}&#8221;][vc_single_image image=&#8221;484&#8243; img_size=&#8221;full&#8221;][\/vc_column][vc_column width=&#8221;3\/4&#8243;][vc_wp_text]<\/p>\n<h1>Clients<\/h1>\n<p>[\/vc_wp_text][vc_media_grid element_width=&#8221;2&#8243; gap=&#8221;35&#8243; grid_id=&#8221;vc_gid:1631544260166-16f07ae6-9018-6&#8243; include=&#8221;145,143,144,142,140,141,139,138,137,136,135,133,134,131,132,130,129,128,127&#8243;][\/vc_column][\/vc_row]<\/p>\n<\/div>","protected":false},"excerpt":{"rendered":"<p>[vc_row css=&#8221;.vc_custom_1499206126840{margin-top: 10px !important;background-color: #d3d3d3 !important;}&#8221;][vc_column width=&#8221;1\/4&#8243; css=&#8221;.vc_custom_1499188279227{background-color: #d3d3d3 !important;}&#8221;][vc_single_image image=&#8221;484&#8243; img_size=&#8221;full&#8221;][\/vc_column][vc_column width=&#8221;1\/2&#8243; css=&#8221;.vc_custom_1499196908209{background-color: #d3d3d3 !important;}&#8221;][vc_wp_text] CETAGUA CETAGUA S.A. is an Ecuadorian company founded on September<span class=\"excerpt-hellip\"> [\u2026]<\/span><\/p>\n","protected":false},"author":1,"featured_media":0,"parent":0,"menu_order":0,"comment_status":"closed","ping_status":"closed","template":"","meta":{"footnotes":""},"class_list":["post-758","page","type-page","status-publish","hentry"],"_links":{"self":[{"href":"https:\/\/cetaguaecuador.com\/web\/wp-json\/wp\/v2\/pages\/758","targetHints":{"allow":["GET"]}}],"collection":[{"href":"https:\/\/cetaguaecuador.com\/web\/wp-json\/wp\/v2\/pages"}],"about":[{"href":"https:\/\/cetaguaecuador.com\/web\/wp-json\/wp\/v2\/types\/page"}],"author":[{"embeddable":true,"href":"https:\/\/cetaguaecuador.com\/web\/wp-json\/wp\/v2\/users\/1"}],"replies":[{"embeddable":true,"href":"https:\/\/cetaguaecuador.com\/web\/wp-json\/wp\/v2\/comments?post=758"}],"version-history":[{"count":3,"href":"https:\/\/cetaguaecuador.com\/web\/wp-json\/wp\/v2\/pages\/758\/revisions"}],"predecessor-version":[{"id":885,"href":"https:\/\/cetaguaecuador.com\/web\/wp-json\/wp\/v2\/pages\/758\/revisions\/885"}],"wp:attachment":[{"href":"https:\/\/cetaguaecuador.com\/web\/wp-json\/wp\/v2\/media?parent=758"}],"curies":[{"name":"wp","href":"https:\/\/api.w.org\/{rel}","templated":true}]}}