{"id":573,"date":"2017-08-22T18:09:44","date_gmt":"2017-08-22T18:09:44","guid":{"rendered":"http:\/\/cetaguaecuador.com\/web\/web\/web\/?page_id=573"},"modified":"2018-01-31T21:15:45","modified_gmt":"2018-01-31T21:15:45","slug":"logistica-y-transporte","status":"publish","type":"page","link":"https:\/\/cetaguaecuador.com\/web\/logistica-y-transporte\/","title":{"rendered":"Log\u00edstica y transporte"},"content":{"rendered":"<div class=\"wpb-content-wrapper\"><p>[vc_row css=&#8221;.vc_custom_1499288607062{background-color: #e3e3e3 !important;}&#8221;][vc_column width=&#8221;1\/4&#8243;][vc_single_image image=&#8221;484&#8243; img_size=&#8221;full&#8221; css=&#8221;.vc_custom_1503345066417{margin-top: 1px !important;margin-bottom: 1px !important;}&#8221;][vc_single_image image=&#8221;484&#8243; img_size=&#8221;full&#8221; css=&#8221;.vc_custom_1503345066417{margin-top: 1px !important;margin-bottom: 1px !important;}&#8221;][vc_single_image image=&#8221;484&#8243; img_size=&#8221;full&#8221; css=&#8221;.vc_custom_1503345066417{margin-top: 1px !important;margin-bottom: 1px !important;}&#8221;][vc_single_image image=&#8221;484&#8243; img_size=&#8221;full&#8221; css=&#8221;.vc_custom_1503345066417{margin-top: 1px !important;margin-bottom: 1px !important;}&#8221;][vc_single_image image=&#8221;484&#8243; img_size=&#8221;full&#8221; css=&#8221;.vc_custom_1503345066417{margin-top: 1px !important;margin-bottom: 1px !important;}&#8221;][vc_single_image image=&#8221;484&#8243; img_size=&#8221;full&#8221; css=&#8221;.vc_custom_1503345066417{margin-top: 1px !important;margin-bottom: 1px !important;}&#8221;][\/vc_column][vc_column width=&#8221;1\/2&#8243;][vc_wp_text]<\/p>\n<h1 class=\"wsite-content-title\"><strong>Log\u00edstica y Transporte<\/strong><\/h1>\n<div class=\"paragraph\">\n<p><strong>TRANSPORTE TERRESTRE\u00a0<\/strong><\/p>\n<p>CETAGUA S.A. cuenta con los medios de transporte terrestre necesarios para el traslado de bienes, materiales y personal t\u00e9cnico para dar soporte y mantenimiento a nuestros equipos a nivel nacional.<\/p>\n<p>Contamos con un parque automotor actualizado, cumpliendo con las normativas de transporte de carga como: Low Boy (Cama Baja), High Boy (Cama Alta), gr\u00faa, montacargas volquetas,\u00a0tanqueros.<\/p>\n<p>&nbsp;<\/p>\n<p><strong>TRANSPORTE FLUVIAL\u00a0<\/strong><\/p>\n<p>CETAGUA S.A. conociendo de las necesidades existentes por la hidrograf\u00eda de nuestro territorio construy\u00f3 varias embarcaciones que transportan combustible y personal, con su dise\u00f1o muy innovador permite la navegaci\u00f3n en los r\u00edos de bajo calado del territorio Ecuatoriano.<\/p>\n<p>Caracter\u00edsticas:<\/p>\n<ul>\n<li>Tonelaje reg. BRUTO 28.55 TM<\/li>\n<li>Tonelaje reg. NETO 8.56 TM<\/li>\n<li>Eslora total 8m<\/li>\n<li>Manga 3m<\/li>\n<li>Puntal 1.20m<\/li>\n<li>Calado m\u00e1ximo 0.8m<\/li>\n<li>Motores Yamaha 2\u00d775 HP<\/li>\n<\/ul>\n<\/div>\n<p>[\/vc_wp_text][\/vc_column][vc_column width=&#8221;1\/4&#8243;][vc_single_image image=&#8221;729&#8243; img_size=&#8221;full&#8221;][vc_single_image image=&#8221;608&#8243; img_size=&#8221;full&#8221;][vc_single_image image=&#8221;607&#8243; img_size=&#8221;full&#8221;][\/vc_column][\/vc_row]<\/p>\n<\/div>","protected":false},"excerpt":{"rendered":"<p>[vc_row css=&#8221;.vc_custom_1499288607062{background-color: #e3e3e3 !important;}&#8221;][vc_column width=&#8221;1\/4&#8243;][vc_single_image image=&#8221;484&#8243; img_size=&#8221;full&#8221; css=&#8221;.vc_custom_1503345066417{margin-top: 1px !important;margin-bottom: 1px !important;}&#8221;][vc_single_image image=&#8221;484&#8243; img_size=&#8221;full&#8221; css=&#8221;.vc_custom_1503345066417{margin-top: 1px !important;margin-bottom: 1px !important;}&#8221;][vc_single_image image=&#8221;484&#8243; img_size=&#8221;full&#8221; css=&#8221;.vc_custom_1503345066417{margin-top: 1px !important;margin-bottom: 1px !important;}&#8221;][vc_single_image<span class=\"excerpt-hellip\"> [\u2026]<\/span><\/p>\n","protected":false},"author":1,"featured_media":0,"parent":0,"menu_order":0,"comment_status":"closed","ping_status":"closed","template":"","meta":{"footnotes":""},"class_list":["post-573","page","type-page","status-publish","hentry"],"_links":{"self":[{"href":"https:\/\/cetaguaecuador.com\/web\/wp-json\/wp\/v2\/pages\/573","targetHints":{"allow":["GET"]}}],"collection":[{"href":"https:\/\/cetaguaecuador.com\/web\/wp-json\/wp\/v2\/pages"}],"about":[{"href":"https:\/\/cetaguaecuador.com\/web\/wp-json\/wp\/v2\/types\/page"}],"author":[{"embeddable":true,"href":"https:\/\/cetaguaecuador.com\/web\/wp-json\/wp\/v2\/users\/1"}],"replies":[{"embeddable":true,"href":"https:\/\/cetaguaecuador.com\/web\/wp-json\/wp\/v2\/comments?post=573"}],"version-history":[{"count":12,"href":"https:\/\/cetaguaecuador.com\/web\/wp-json\/wp\/v2\/pages\/573\/revisions"}],"predecessor-version":[{"id":828,"href":"https:\/\/cetaguaecuador.com\/web\/wp-json\/wp\/v2\/pages\/573\/revisions\/828"}],"wp:attachment":[{"href":"https:\/\/cetaguaecuador.com\/web\/wp-json\/wp\/v2\/media?parent=573"}],"curies":[{"name":"wp","href":"https:\/\/api.w.org\/{rel}","templated":true}]}}