{"id":297,"date":"2017-07-06T16:33:11","date_gmt":"2017-07-06T16:33:11","guid":{"rendered":"http:\/\/cetaguaecuador.com\/web\/web\/web\/?page_id=297"},"modified":"2018-01-31T20:58:22","modified_gmt":"2018-01-31T20:58:22","slug":"diseno-y-construccion-de-equipos","status":"publish","type":"page","link":"https:\/\/cetaguaecuador.com\/web\/diseno-y-construccion-de-equipos\/","title":{"rendered":"DISE\u00d1O Y CONSTRUCCI\u00d3N"},"content":{"rendered":"<div class=\"wpb-content-wrapper\"><p>[vc_row css=&#8221;.vc_custom_1499288607062{background-color: #e3e3e3 !important;}&#8221;][vc_column width=&#8221;1\/4&#8243;][vc_single_image image=&#8221;484&#8243; img_size=&#8221;full&#8221; css=&#8221;.vc_custom_1502976449338{margin-top: 1px !important;margin-bottom: 1px !important;}&#8221;][\/vc_column][vc_column width=&#8221;3\/4&#8243;][vc_wp_text]<\/p>\n<h1 class=\"wsite-content-title\">Dise\u00f1o y\u00a0Construcci\u00f3n<\/h1>\n<h1 class=\"wsite-content-title\">de Equipos y Obra civil<\/h1>\n<p>El Departamento de Construcci\u00f3n, se desarrolla como una soluci\u00f3n a la demanda de tecnolog\u00eda y equipos para la Industria Petrolera.\u00a0Conociendo las necesidades y basados en la experiencia de nuestro personal se han planteado soluciones pr\u00e1cticas.[\/vc_wp_text][\/vc_column][\/vc_row][vc_row css=&#8221;.vc_custom_1499288607062{background-color: #e3e3e3 !important;}&#8221;][vc_column width=&#8221;1\/4&#8243;][vc_single_image image=&#8221;484&#8243; img_size=&#8221;full&#8221; css=&#8221;.vc_custom_1502976449338{margin-top: 1px !important;margin-bottom: 1px !important;}&#8221;][\/vc_column][vc_column width=&#8221;1\/2&#8243;][vc_wp_text]<\/p>\n<h2 class=\"wsite-content-title\">Tanques verticales y tanques empernables<\/h2>\n<p class=\"wsite-content-title\">Unidades de almacenamiento de fluidos, construidos con acero ASTM A-36. En su fabricaci\u00f3n cada unidad es sometida a rigurosas pruebas que determinan la calidad de fabricaci\u00f3n.<\/p>\n<div class=\"paragraph\">\n<ul>\n<li><em>Tanques de cortes<\/em><\/li>\n<li><i>Tanques verticales<\/i><\/li>\n<li><em>Tanques horizontales<\/em><\/li>\n<\/ul>\n<\/div>\n<p>[\/vc_wp_text][\/vc_column][vc_column width=&#8221;1\/4&#8243;][vc_single_image image=&#8221;585&#8243; img_size=&#8221;full&#8221; css=&#8221;.vc_custom_1508971302144{margin-top: 1px !important;margin-bottom: 1px !important;border-top-width: 1px !important;border-bottom-width: 1px !important;padding-top: 1px !important;padding-bottom: 1px !important;}&#8221;][\/vc_column][\/vc_row][vc_row css=&#8221;.vc_custom_1499288607062{background-color: #e3e3e3 !important;}&#8221;][vc_column width=&#8221;1\/4&#8243;][vc_single_image image=&#8221;484&#8243; img_size=&#8221;full&#8221; css=&#8221;.vc_custom_1502976449338{margin-top: 1px !important;margin-bottom: 1px !important;}&#8221;][\/vc_column][vc_column width=&#8221;1\/2&#8243;][vc_wp_text]<\/p>\n<h2 class=\"wsite-content-title\">Cutting box<\/h2>\n<p>Cajas hermeticas para transportar cortes de perforaci\u00f3n o efluentes aptos tanto para operaciones offshore como onshore.<\/p>\n<p>Capacidad de almacenamiento 3.32 m3 cada una.[\/vc_wp_text][\/vc_column][vc_column width=&#8221;1\/4&#8243;][vc_single_image image=&#8221;326&#8243; img_size=&#8221;full&#8221; css=&#8221;.vc_custom_1508971466732{margin-top: 1px !important;margin-bottom: 1px !important;border-top-width: 1px !important;border-bottom-width: 1px !important;padding-top: 1px !important;padding-bottom: 1px !important;}&#8221;][\/vc_column][\/vc_row][vc_row css=&#8221;.vc_custom_1499288607062{background-color: #e3e3e3 !important;}&#8221;][vc_column width=&#8221;1\/4&#8243;][vc_single_image image=&#8221;484&#8243; img_size=&#8221;full&#8221; css=&#8221;.vc_custom_1502976449338{margin-top: 1px !important;margin-bottom: 1px !important;}&#8221;][\/vc_column][vc_column width=&#8221;1\/2&#8243;][vc_wp_text]<\/p>\n<h2 class=\"wsite-content-title\">Embarcaciones<\/h2>\n<p>Dise\u00f1o y construcci\u00f3n de embarcaciones para transporte de personal y combustible en plataformas de perforaci\u00f3n y facilidades de acceso fluvial. Garantizamos nuestro trabajo a trav\u00e9s de una certificaci\u00f3n del equipo.<\/p>\n<p><strong><em>Caracter\u00edsticas:\u00a0<\/em><\/strong><\/p>\n<ul>\n<li>Material: Acero ASTM A-36, &#8211; 6mm<\/li>\n<li>Aislamiento t\u00e9rmico.<\/li>\n<li>Capacidad: 6000 galones<\/li>\n<li>Pintura especial.<\/li>\n<li>Espesor de 10 mm.<\/li>\n<\/ul>\n<p>[\/vc_wp_text][\/vc_column][vc_column width=&#8221;1\/4&#8243;][vc_video link=&#8221;https:\/\/youtu.be\/cgPHJDBRCKQ&#8221;][vc_single_image image=&#8221;384&#8243; img_size=&#8221;full&#8221;][\/vc_column][\/vc_row][vc_row css=&#8221;.vc_custom_1499288607062{background-color: #e3e3e3 !important;}&#8221;][vc_column width=&#8221;1\/4&#8243;][vc_single_image image=&#8221;484&#8243; img_size=&#8221;full&#8221; css=&#8221;.vc_custom_1502976449338{margin-top: 1px !important;margin-bottom: 1px !important;}&#8221;][\/vc_column][vc_column width=&#8221;1\/2&#8243;][vc_wp_text]<\/p>\n<h2 class=\"wsite-content-title\">Construcci\u00f3n y Obra civil<\/h2>\n<p>CETAGUA S.A. posee maquinaria pesada como montacargas, gr\u00faas, buld\u00f3cer, volquetas, cama baja y personal con un gran prestigio profesional y experiencia en la construcci\u00f3n de :<\/p>\n<ul>\n<li><em>V\u00edas de Acceso\u00a0<\/em><\/li>\n<li><em>Plataformas\u00a0<\/em><\/li>\n<li><em>Campamentos\u00a0<\/em><\/li>\n<li><em>Bodegas\u00a0<\/em><\/li>\n<\/ul>\n<p>Utilizamos altos est\u00e1ndares profesionales \u00a0lo que nos permite combinar los m\u00e1s adecuados procedimientos \u00a0para cada obra, adem\u00e1s de asegurar una gesti\u00f3n \u00f3ptima de los residuos incluido el reciclaje.<\/p>\n<p>Nos caracterizamos por mantener estricto cumplimiento de plazos, todo ello bajo los m\u00e1s altos niveles de seguridad y profesionalismo.[\/vc_wp_text][\/vc_column][vc_column width=&#8221;1\/4&#8243;][vc_single_image image=&#8221;619&#8243; img_size=&#8221;full&#8221; css=&#8221;.vc_custom_1508971023280{margin-top: 1px !important;margin-bottom: 1px !important;border-top-width: 1px !important;border-bottom-width: 1px !important;padding-top: 1px !important;padding-bottom: 1px !important;}&#8221;][vc_single_image image=&#8221;621&#8243; img_size=&#8221;full&#8221; css=&#8221;.vc_custom_1508971404374{margin-top: 1px !important;margin-bottom: 1px !important;border-top-width: 1px !important;border-bottom-width: 1px !important;padding-top: 1px !important;padding-bottom: 1px !important;}&#8221;][\/vc_column][\/vc_row]<\/p>\n<\/div>","protected":false},"excerpt":{"rendered":"<p>[vc_row css=&#8221;.vc_custom_1499288607062{background-color: #e3e3e3 !important;}&#8221;][vc_column width=&#8221;1\/4&#8243;][vc_single_image image=&#8221;484&#8243; img_size=&#8221;full&#8221; css=&#8221;.vc_custom_1502976449338{margin-top: 1px !important;margin-bottom: 1px !important;}&#8221;][\/vc_column][vc_column width=&#8221;3\/4&#8243;][vc_wp_text] Dise\u00f1o y\u00a0Construcci\u00f3n de Equipos y Obra civil El Departamento de Construcci\u00f3n, se desarrolla<span class=\"excerpt-hellip\"> [\u2026]<\/span><\/p>\n","protected":false},"author":1,"featured_media":0,"parent":0,"menu_order":0,"comment_status":"closed","ping_status":"closed","template":"","meta":{"footnotes":""},"class_list":["post-297","page","type-page","status-publish","hentry"],"_links":{"self":[{"href":"https:\/\/cetaguaecuador.com\/web\/wp-json\/wp\/v2\/pages\/297","targetHints":{"allow":["GET"]}}],"collection":[{"href":"https:\/\/cetaguaecuador.com\/web\/wp-json\/wp\/v2\/pages"}],"about":[{"href":"https:\/\/cetaguaecuador.com\/web\/wp-json\/wp\/v2\/types\/page"}],"author":[{"embeddable":true,"href":"https:\/\/cetaguaecuador.com\/web\/wp-json\/wp\/v2\/users\/1"}],"replies":[{"embeddable":true,"href":"https:\/\/cetaguaecuador.com\/web\/wp-json\/wp\/v2\/comments?post=297"}],"version-history":[{"count":39,"href":"https:\/\/cetaguaecuador.com\/web\/wp-json\/wp\/v2\/pages\/297\/revisions"}],"predecessor-version":[{"id":827,"href":"https:\/\/cetaguaecuador.com\/web\/wp-json\/wp\/v2\/pages\/297\/revisions\/827"}],"wp:attachment":[{"href":"https:\/\/cetaguaecuador.com\/web\/wp-json\/wp\/v2\/media?parent=297"}],"curies":[{"name":"wp","href":"https:\/\/api.w.org\/{rel}","templated":true}]}}