{"id":214,"date":"2017-07-05T21:58:29","date_gmt":"2017-07-05T21:58:29","guid":{"rendered":"http:\/\/cetaguaecuador.com\/web\/web\/web\/?page_id=214"},"modified":"2021-09-14T21:50:47","modified_gmt":"2021-09-14T21:50:47","slug":"generacion-de-energia","status":"publish","type":"page","link":"https:\/\/cetaguaecuador.com\/web\/generacion-de-energia\/","title":{"rendered":"GENERACI\u00d3N DE ENERG\u00cdA"},"content":{"rendered":"<div class=\"wpb-content-wrapper\"><p>[vc_row css=&#8221;.vc_custom_1499288607062{background-color: #e3e3e3 !important;}&#8221;][vc_column width=&#8221;1\/4&#8243;][vc_single_image image=&#8221;484&#8243; img_size=&#8221;full&#8221; css=&#8221;.vc_custom_1502976344703{margin-top: 1px !important;margin-bottom: 1px !important;}&#8221;][vc_single_image image=&#8221;484&#8243; img_size=&#8221;full&#8221; css=&#8221;.vc_custom_1502976356029{margin-top: 1px !important;margin-bottom: 1px !important;}&#8221;][vc_single_image image=&#8221;484&#8243; img_size=&#8221;full&#8221; css=&#8221;.vc_custom_1502976356029{margin-top: 1px !important;margin-bottom: 1px !important;}&#8221;][vc_single_image image=&#8221;484&#8243; img_size=&#8221;full&#8221; css=&#8221;.vc_custom_1502976356029{margin-top: 1px !important;margin-bottom: 1px !important;}&#8221;][vc_single_image image=&#8221;484&#8243; img_size=&#8221;full&#8221; css=&#8221;.vc_custom_1502976356029{margin-top: 1px !important;margin-bottom: 1px !important;}&#8221;][\/vc_column][vc_column width=&#8221;1\/2&#8243;][vc_wp_text]<\/p>\n<h1 class=\"wsite-content-title\"><strong>Generaci\u00f3n de Energ\u00eda<\/strong><\/h1>\n<div class=\"paragraph\"><strong>CETAGUA S.A.\u00a0<\/strong>es una empresa que ofrece a sus clientes equipos de generaci\u00f3n de diferentes capacidades con generadores desde 150 KW hasta 725 KW. El alcance de nuestro servicio es brindar una \u00f3ptima soluci\u00f3n al cliente con alta tecnolog\u00eda y personal capacitado ahorrando tiempo y dinero a nuestros clientes.<\/div>\n<div><\/div>\n<div><\/div>\n<div><\/div>\n<div>\n<h3><\/h3>\n<h3 class=\"wsite-content-title\">Fichas T\u00e9cnicas:<\/h3>\n<div class=\"paragraph\">\n<ul>\n<li>Caterpillar 3406 (365 ekW \/ 456 kVA). <a href=\"https:\/\/cetaguaecuador.com\/web\/wp-content\/uploads\/2017\/07\/caterpillar_3406.pdf\">Descargar<\/a><a title=\"\" href=\"http:\/\/cetagua.weebly.com\/uploads\/8\/0\/0\/7\/8007889\/365.pdf\" target=\"_blank\" rel=\"noopener\"><br \/>\n<\/a><\/li>\n<li>Caterpillar GEP150 (150 kVA \/ 120 kW). <a href=\"https:\/\/cetaguaecuador.com\/web\/wp-content\/uploads\/2017\/07\/150.pdf\">Descargar<\/a><\/li>\n<li>Caterpillar 3412 (455 ekW \/ 569 kVA). <a href=\"https:\/\/cetaguaecuador.com\/web\/wp-content\/uploads\/2017\/07\/455.pdf\">Descargar<\/a><a title=\"\" href=\"https:\/\/cetaguaecuador.com\/web\/uploads\/8\/0\/0\/7\/8007889\/455.pdf\"><br \/>\n<\/a><\/li>\n<li>Caterpillar 3412 (545 ekW \/ 681 kVA). <a href=\"https:\/\/cetaguaecuador.com\/web\/wp-content\/uploads\/2017\/07\/545.pdf\">Descargar<\/a><a title=\"\" href=\"https:\/\/cetaguaecuador.com\/web\/uploads\/8\/0\/0\/7\/8007889\/545.pdf\"><br \/>\n<\/a><\/li>\n<li>Caterpillar 3412 (635 ekW \/ 794 kVA). <a href=\"https:\/\/cetaguaecuador.com\/web\/wp-content\/uploads\/2017\/07\/635.pdf\">Descargar<\/a><a title=\"\" href=\"https:\/\/cetaguaecuador.com\/web\/uploads\/8\/0\/0\/7\/8007889\/635.pdf\"><br \/>\n<\/a><\/li>\n<li>Caterpillar 3412 (725 ekW \/ 906 kVA). <a href=\"https:\/\/cetaguaecuador.com\/web\/wp-content\/uploads\/2017\/07\/725.pdf\">Descargar<\/a><\/li>\n<\/ul>\n<\/div>\n<\/div>\n<p>[\/vc_wp_text][\/vc_column][vc_column width=&#8221;1\/4&#8243;][vc_single_image image=&#8221;240&#8243; img_size=&#8221;full&#8221; onclick=&#8221;custom_link&#8221; img_link_target=&#8221;_blank&#8221; css=&#8221;.vc_custom_1631656176522{margin-top: 1px !important;margin-bottom: 1px !important;border-top-width: 1px !important;border-bottom-width: 1px !important;padding-top: 1px !important;padding-bottom: 1px !important;}&#8221; link=&#8221;https:\/\/cetaguaecuador.com\/web\/wp-content\/uploads\/2017\/07\/365.pdf&#8221;][vc_single_image image=&#8221;239&#8243; img_size=&#8221;full&#8221; onclick=&#8221;custom_link&#8221; img_link_target=&#8221;_blank&#8221; css=&#8221;.vc_custom_1631656186525{margin-top: 1px !important;margin-bottom: 1px !important;border-top-width: 1px !important;border-bottom-width: 1px !important;padding-top: 1px !important;padding-bottom: 1px !important;}&#8221; link=&#8221;https:\/\/cetaguaecuador.com\/web\/wp-content\/uploads\/2017\/07\/150.pdf&#8221;][vc_single_image image=&#8221;238&#8243; img_size=&#8221;full&#8221; onclick=&#8221;custom_link&#8221; img_link_target=&#8221;_blank&#8221; css=&#8221;.vc_custom_1631656197594{margin-top: 1px !important;margin-bottom: 1px !important;border-top-width: 1px !important;border-bottom-width: 1px !important;padding-top: 1px !important;padding-bottom: 1px !important;}&#8221; link=&#8221;https:\/\/cetaguaecuador.com\/web\/wp-content\/uploads\/2017\/07\/455.pdf&#8221;][vc_single_image image=&#8221;237&#8243; img_size=&#8221;full&#8221; onclick=&#8221;custom_link&#8221; img_link_target=&#8221;_blank&#8221; css=&#8221;.vc_custom_1631656208210{margin-top: 1px !important;margin-bottom: 1px !important;border-top-width: 1px !important;border-bottom-width: 1px !important;padding-top: 1px !important;padding-bottom: 1px !important;}&#8221; link=&#8221;https:\/\/cetaguaecuador.com\/web\/wp-content\/uploads\/2017\/07\/545.pdf&#8221;][vc_single_image image=&#8221;236&#8243; img_size=&#8221;full&#8221; onclick=&#8221;custom_link&#8221; css=&#8221;.vc_custom_1631656218563{margin-top: 1px !important;margin-bottom: 1px !important;border-top-width: 1px !important;border-bottom-width: 1px !important;padding-top: 1px !important;padding-bottom: 1px !important;}&#8221; link=&#8221;https:\/\/cetaguaecuador.com\/web\/wp-content\/uploads\/2017\/07\/635.pdf&#8221;][vc_single_image image=&#8221;235&#8243; img_size=&#8221;full&#8221; onclick=&#8221;custom_link&#8221; img_link_target=&#8221;_blank&#8221; css=&#8221;.vc_custom_1631656244191{margin-top: 1px !important;margin-bottom: 1px !important;border-top-width: 1px !important;border-bottom-width: 1px !important;padding-top: 1px !important;padding-bottom: 1px !important;}&#8221; link=&#8221;https:\/\/cetaguaecuador.com\/web\/wp-content\/uploads\/2017\/07\/725.pdf&#8221;][\/vc_column][\/vc_row]<\/p>\n<\/div>","protected":false},"excerpt":{"rendered":"<p>[vc_row css=&#8221;.vc_custom_1499288607062{background-color: #e3e3e3 !important;}&#8221;][vc_column width=&#8221;1\/4&#8243;][vc_single_image image=&#8221;484&#8243; img_size=&#8221;full&#8221; css=&#8221;.vc_custom_1502976344703{margin-top: 1px !important;margin-bottom: 1px !important;}&#8221;][vc_single_image image=&#8221;484&#8243; img_size=&#8221;full&#8221; css=&#8221;.vc_custom_1502976356029{margin-top: 1px !important;margin-bottom: 1px !important;}&#8221;][vc_single_image image=&#8221;484&#8243; img_size=&#8221;full&#8221; css=&#8221;.vc_custom_1502976356029{margin-top: 1px !important;margin-bottom: 1px !important;}&#8221;][vc_single_image<span class=\"excerpt-hellip\"> [\u2026]<\/span><\/p>\n","protected":false},"author":1,"featured_media":0,"parent":0,"menu_order":0,"comment_status":"closed","ping_status":"closed","template":"","meta":{"footnotes":""},"class_list":["post-214","page","type-page","status-publish","hentry"],"_links":{"self":[{"href":"https:\/\/cetaguaecuador.com\/web\/wp-json\/wp\/v2\/pages\/214","targetHints":{"allow":["GET"]}}],"collection":[{"href":"https:\/\/cetaguaecuador.com\/web\/wp-json\/wp\/v2\/pages"}],"about":[{"href":"https:\/\/cetaguaecuador.com\/web\/wp-json\/wp\/v2\/types\/page"}],"author":[{"embeddable":true,"href":"https:\/\/cetaguaecuador.com\/web\/wp-json\/wp\/v2\/users\/1"}],"replies":[{"embeddable":true,"href":"https:\/\/cetaguaecuador.com\/web\/wp-json\/wp\/v2\/comments?post=214"}],"version-history":[{"count":28,"href":"https:\/\/cetaguaecuador.com\/web\/wp-json\/wp\/v2\/pages\/214\/revisions"}],"predecessor-version":[{"id":895,"href":"https:\/\/cetaguaecuador.com\/web\/wp-json\/wp\/v2\/pages\/214\/revisions\/895"}],"wp:attachment":[{"href":"https:\/\/cetaguaecuador.com\/web\/wp-json\/wp\/v2\/media?parent=214"}],"curies":[{"name":"wp","href":"https:\/\/api.w.org\/{rel}","templated":true}]}}