{"id":193,"date":"2017-07-05T21:01:18","date_gmt":"2017-07-05T21:01:18","guid":{"rendered":"http:\/\/cetaguaecuador.com\/web\/web\/web\/?page_id=193"},"modified":"2017-09-18T19:03:14","modified_gmt":"2017-09-18T19:03:14","slug":"unidad-modular-de-control-de-solidos","status":"publish","type":"page","link":"https:\/\/cetaguaecuador.com\/web\/unidad-modular-de-control-de-solidos\/","title":{"rendered":"UMP (Unidad Modular de Procesos)"},"content":{"rendered":"<div class=\"wpb-content-wrapper\"><p>[vc_row css=&#8221;.vc_custom_1499288607062{background-color: #e3e3e3 !important;}&#8221;][vc_column width=&#8221;1\/4&#8243;][vc_single_image image=&#8221;484&#8243; img_size=&#8221;full&#8221; css=&#8221;.vc_custom_1502975285922{margin-top: 1px !important;margin-bottom: 1px !important;}&#8221;][vc_single_image image=&#8221;484&#8243; img_size=&#8221;full&#8221; css=&#8221;.vc_custom_1502975285922{margin-top: 1px !important;margin-bottom: 1px !important;}&#8221;][vc_single_image image=&#8221;484&#8243; img_size=&#8221;full&#8221; css=&#8221;.vc_custom_1502975285922{margin-top: 1px !important;margin-bottom: 1px !important;}&#8221;][vc_single_image image=&#8221;484&#8243; img_size=&#8221;full&#8221; css=&#8221;.vc_custom_1502975285922{margin-top: 1px !important;margin-bottom: 1px !important;}&#8221;][vc_single_image image=&#8221;484&#8243; img_size=&#8221;full&#8221; css=&#8221;.vc_custom_1502975285922{margin-top: 1px !important;margin-bottom: 1px !important;}&#8221;][vc_single_image image=&#8221;484&#8243; img_size=&#8221;full&#8221; css=&#8221;.vc_custom_1502975285922{margin-top: 1px !important;margin-bottom: 1px !important;}&#8221;][vc_single_image image=&#8221;484&#8243; img_size=&#8221;full&#8221; css=&#8221;.vc_custom_1502975285922{margin-top: 1px !important;margin-bottom: 1px !important;}&#8221;][vc_single_image image=&#8221;484&#8243; img_size=&#8221;full&#8221; css=&#8221;.vc_custom_1502975285922{margin-top: 1px !important;margin-bottom: 1px !important;}&#8221;][vc_single_image image=&#8221;484&#8243; img_size=&#8221;full&#8221; css=&#8221;.vc_custom_1502975285922{margin-top: 1px !important;margin-bottom: 1px !important;}&#8221;][vc_single_image image=&#8221;484&#8243; img_size=&#8221;full&#8221; css=&#8221;.vc_custom_1502975285922{margin-top: 1px !important;margin-bottom: 1px !important;}&#8221;][vc_single_image image=&#8221;484&#8243; img_size=&#8221;full&#8221; css=&#8221;.vc_custom_1502975285922{margin-top: 1px !important;margin-bottom: 1px !important;}&#8221;][vc_single_image image=&#8221;484&#8243; img_size=&#8221;full&#8221; css=&#8221;.vc_custom_1502975285922{margin-top: 1px !important;margin-bottom: 1px !important;}&#8221;][vc_single_image image=&#8221;484&#8243; img_size=&#8221;full&#8221; css=&#8221;.vc_custom_1502975285922{margin-top: 1px !important;margin-bottom: 1px !important;}&#8221;][vc_single_image image=&#8221;484&#8243; img_size=&#8221;full&#8221; css=&#8221;.vc_custom_1502975285922{margin-top: 1px !important;margin-bottom: 1px !important;}&#8221;][\/vc_column][vc_column width=&#8221;1\/2&#8243;][vc_wp_text]<\/p>\n<h1 class=\"wsite-content-title\"><strong>Unidad Modular de Procesos<\/strong><\/h1>\n<div class=\"paragraph\">\n<p><b>Nuestro\u00a0<\/b><b>M\u00f3dulo<\/b><b> de Control de S\u00f3lidos <\/b><b>fue\u00a0<\/b><b>dise\u00f1ado\u00a0<\/b><b>para\u00a0<\/b><b>lograr\u00a0<\/b><b>eficiencia<\/b><b> y <\/b><b>simplicidad<\/b><b>.<\/b><\/p>\n<\/div>\n<p>[\/vc_wp_text][vc_video link=&#8221;https:\/\/youtu.be\/Wj4_KkvsScg&#8221;][vc_wp_text]<\/p>\n<div class=\"paragraph\">\n<p><b><img loading=\"lazy\" decoding=\"async\" class=\"alignnone size-medium wp-image-469\" src=\"https:\/\/cetaguaecuador.com\/web\/web\/web\/wp-content\/uploads\/2017\/08\/DESEMPENO-300x37.png\" alt=\"\" width=\"300\" height=\"37\" srcset=\"https:\/\/cetaguaecuador.com\/web\/wp-content\/uploads\/2017\/08\/DESEMPENO-300x37.png 300w, https:\/\/cetaguaecuador.com\/web\/wp-content\/uploads\/2017\/08\/DESEMPENO-260x32.png 260w, https:\/\/cetaguaecuador.com\/web\/wp-content\/uploads\/2017\/08\/DESEMPENO-50x6.png 50w, https:\/\/cetaguaecuador.com\/web\/wp-content\/uploads\/2017\/08\/DESEMPENO-150x19.png 150w, https:\/\/cetaguaecuador.com\/web\/wp-content\/uploads\/2017\/08\/DESEMPENO.png 766w\" sizes=\"auto, (max-width:767px) 300px, 300px\" \/><\/b><\/p>\n<p><b>POTENTE\u00a0<\/b>&#8211;\u00a0Limpia hasta <b>400 <\/b><b>gpm<\/b> y genera hasta <b>3.195 Gs<\/b><br \/>\n<b>R\u00c1PIDO <\/b>&#8211;\u00a0Procesa mayor vol\u00famen de lodo en menos tiempo<br \/>\n<b>PRODUCTIVO\u00a0<\/b>&#8211;\u00a0Produce s\u00f3lidos <b>m\u00e1s\u00a0<\/b><b>secos<\/b> y <b>mayor <\/b><b>recuperaci\u00f3n<\/b> (85%)<br \/>\n<b>CONFIABLE\u00a0<\/b>&#8211;\u00a0<b>Operaci\u00f3n<\/b><b> y <\/b><b>entrenamiento<\/b> sencillos<br \/>\n<b>SIMPLE\u00a0<\/b>&#8211;\u00a0Requiere solo <b>2 personas<\/b> para supervisar y operar<br \/>\n<b>MANEJABLE\u00a0<\/b>&#8211;\u00a0<b>Control <\/b><b>operacional<\/b> total y visi\u00f3n desde el panel de control<br \/>\n<b>COMPACTO\u00a0<\/b>&#8211;\u00a0Tanques y bombas requeridas <b>inclu\u00eddas<\/b><br \/>\n<b>PEQUE\u00d1O\u00a0<\/b>&#8211;\u00a0<b>M\u00ednima\u00a0<\/b><b>huella<\/b> y uso efectivo del espacio<br \/>\n<b>MODULAR\u00a0<\/b>&#8211;\u00a0Armado, desarmado y mantenido en <b>pocas\u00a0<\/b><b>horas<\/b><br \/>\n<b>FUERTE\u00a0<\/b>&#8211;\u00a0Resiste el trabajo del campo con <b>m\u00ednimo<\/b><b> mantenimiento<\/b><br \/>\n<b>M\u00d3VIL\u00a0<\/b>&#8211;\u00a0<b>Estructura<\/b><b> de <\/b><b>deslizamiento<\/b> soporta el m\u00f3dulo<br \/>\n<b>SEGURO\u00a0<\/b>&#8211;\u00a0Dise\u00f1ado para <b>minimizar<\/b><b> el <\/b><b>riesgo<\/b> operacional y ambiental<\/p>\n<\/div>\n<p>&nbsp;<\/p>\n<p><img loading=\"lazy\" decoding=\"async\" class=\"alignnone wp-image-480\" src=\"https:\/\/cetaguaecuador.com\/web\/web\/web\/wp-content\/uploads\/2017\/07\/Screen-Shot-2017-08-16-at-9.31.42-PM.png\" alt=\"\" width=\"500\" height=\"301\" srcset=\"https:\/\/cetaguaecuador.com\/web\/wp-content\/uploads\/2017\/07\/Screen-Shot-2017-08-16-at-9.31.42-PM.png 657w, https:\/\/cetaguaecuador.com\/web\/wp-content\/uploads\/2017\/07\/Screen-Shot-2017-08-16-at-9.31.42-PM-300x181.png 300w, https:\/\/cetaguaecuador.com\/web\/wp-content\/uploads\/2017\/07\/Screen-Shot-2017-08-16-at-9.31.42-PM-242x146.png 242w, https:\/\/cetaguaecuador.com\/web\/wp-content\/uploads\/2017\/07\/Screen-Shot-2017-08-16-at-9.31.42-PM-50x30.png 50w, https:\/\/cetaguaecuador.com\/web\/wp-content\/uploads\/2017\/07\/Screen-Shot-2017-08-16-at-9.31.42-PM-124x75.png 124w\" sizes=\"auto, (max-width:767px) 500px, 500px\" \/><img loading=\"lazy\" decoding=\"async\" class=\"alignnone size-medium wp-image-478\" src=\"https:\/\/cetaguaecuador.com\/web\/web\/web\/wp-content\/uploads\/2017\/07\/ESPECIFICIA-300x37.png\" alt=\"\" width=\"300\" height=\"37\" srcset=\"https:\/\/cetaguaecuador.com\/web\/wp-content\/uploads\/2017\/07\/ESPECIFICIA-300x37.png 300w, https:\/\/cetaguaecuador.com\/web\/wp-content\/uploads\/2017\/07\/ESPECIFICIA-260x32.png 260w, https:\/\/cetaguaecuador.com\/web\/wp-content\/uploads\/2017\/07\/ESPECIFICIA-50x6.png 50w, https:\/\/cetaguaecuador.com\/web\/wp-content\/uploads\/2017\/07\/ESPECIFICIA-150x19.png 150w, https:\/\/cetaguaecuador.com\/web\/wp-content\/uploads\/2017\/07\/ESPECIFICIA.png 766w\" sizes=\"auto, (max-width:767px) 300px, 300px\" \/><\/p>\n<p>&#8211; Centr\u00edfuga\u00a0Super Decantadora Sharples P5000 y 1 Sharples P 3400<br \/>\n&#8211; Bombas\u00a0de\u00a0Pol\u00edmetros\u00a0Moyno NE 60, 10 hp, 90 gpm<br \/>\n&#8211; Bombas\u00a0Centr\u00edfugas\u00a0MCM 250 Series, 30 hp, 300 gpm<br \/>\n&#8211; Bomba\u00a0transferencia\u00a0de\u00a0agua\u00a0MCM 250S, 50 hp, 1,000 gpm<br \/>\n&#8211; Mezcladores<br \/>\n&#8211; Tolvas\u00a0para hidrataci\u00f3n de pol\u00edmetro y preparaci\u00f3n de lodo<br \/>\n&#8211; Tanques\u00a0de\u00a0Pol\u00edmetros\u00a095 bbls \/ 3,990 gal. c\/u<br \/>\n&#8211; Tanque\u00a0de Agua\u00a0195 bbls \/ 8,190 gal.<br \/>\n&#8211; Tanque\u00a0de\u00a0Lodo\u00a0190 bbls \/ 7,980 gal.<br \/>\n&#8211; Tornillo\u00a0transportador\u00a0de 18 pulgadas de di\u00e1metro<br \/>\n&#8211; Control de\u00a0Velocidad:\u00a0480 vol, 0-400 hz, para motor de 150 hp<br \/>\n&#8211; Panel de Control\u00a0de la unidad<\/p>\n<p><strong>TAMBI\u00c9N INCLUYE:<\/strong><br \/>\n&#8211; Generador: 400 Kw<br \/>\n&#8211; Tanque\u00a0de\u00a0Descarga:\u00a0120 &#8211; 300 bbls<br \/>\n&#8211; Tanques\u00a0Verticales:\u00a0450 bbls<br \/>\n&#8211; Unidades\u00a0de\u00a0Tratamiento\u00a0de Agua<br \/>\n&#8211; Equipo\u00a0de\u00a0Laboratorio[\/vc_wp_text][\/vc_column][vc_column width=&#8221;1\/4&#8243;][vc_single_image image=&#8221;200&#8243; img_size=&#8221;full&#8221; css=&#8221;.vc_custom_1503673206088{margin-top: 0px !important;margin-bottom: 0px !important;border-top-width: 0px !important;border-bottom-width: 0px !important;padding-top: 0px !important;padding-bottom: 0px !important;}&#8221;][vc_video link=&#8221;https:\/\/youtu.be\/bHYlZk95DMw&#8221; css=&#8221;.vc_custom_1503673680687{margin-top: 0px !important;margin-bottom: 0px !important;border-top-width: 0px !important;border-bottom-width: 0px !important;padding-top: 0px !important;padding-bottom: 0px !important;}&#8221;][vc_video link=&#8221;https:\/\/youtu.be\/JB-sWHcFmYM&#8221; css=&#8221;.vc_custom_1503673249779{margin-top: 0px !important;margin-bottom: 0px !important;border-top-width: 0px !important;border-bottom-width: 0px !important;padding-top: 0px !important;padding-bottom: 0px !important;}&#8221;][vc_video link=&#8221;https:\/\/youtu.be\/IZHL75COTPo&#8221; css=&#8221;.vc_custom_1503673259129{margin-top: 0px !important;margin-bottom: 0px !important;border-top-width: 0px !important;border-bottom-width: 0px !important;padding-top: 0px !important;padding-bottom: 0px !important;}&#8221;][vc_video link=&#8221;https:\/\/youtu.be\/GX9cfeacukg&#8221; css=&#8221;.vc_custom_1503673268027{margin-top: 0px !important;margin-bottom: 0px !important;border-top-width: 0px !important;border-bottom-width: 0px !important;padding-top: 0px !important;padding-bottom: 0px !important;}&#8221;][vc_single_image image=&#8221;472&#8243; img_size=&#8221;full&#8221; css=&#8221;.vc_custom_1503673276316{margin-top: 0px !important;margin-bottom: 0px !important;border-top-width: 0px !important;border-bottom-width: 0px !important;padding-top: 0px !important;padding-bottom: 0px !important;}&#8221;][\/vc_column][\/vc_row]<\/p>\n<\/div>","protected":false},"excerpt":{"rendered":"<p>[vc_row css=&#8221;.vc_custom_1499288607062{background-color: #e3e3e3 !important;}&#8221;][vc_column width=&#8221;1\/4&#8243;][vc_single_image image=&#8221;484&#8243; img_size=&#8221;full&#8221; css=&#8221;.vc_custom_1502975285922{margin-top: 1px !important;margin-bottom: 1px !important;}&#8221;][vc_single_image image=&#8221;484&#8243; img_size=&#8221;full&#8221; css=&#8221;.vc_custom_1502975285922{margin-top: 1px !important;margin-bottom: 1px !important;}&#8221;][vc_single_image image=&#8221;484&#8243; img_size=&#8221;full&#8221; css=&#8221;.vc_custom_1502975285922{margin-top: 1px !important;margin-bottom: 1px !important;}&#8221;][vc_single_image<span class=\"excerpt-hellip\"> [\u2026]<\/span><\/p>\n","protected":false},"author":1,"featured_media":0,"parent":0,"menu_order":0,"comment_status":"closed","ping_status":"closed","template":"","meta":{"footnotes":""},"class_list":["post-193","page","type-page","status-publish","hentry"],"_links":{"self":[{"href":"https:\/\/cetaguaecuador.com\/web\/wp-json\/wp\/v2\/pages\/193","targetHints":{"allow":["GET"]}}],"collection":[{"href":"https:\/\/cetaguaecuador.com\/web\/wp-json\/wp\/v2\/pages"}],"about":[{"href":"https:\/\/cetaguaecuador.com\/web\/wp-json\/wp\/v2\/types\/page"}],"author":[{"embeddable":true,"href":"https:\/\/cetaguaecuador.com\/web\/wp-json\/wp\/v2\/users\/1"}],"replies":[{"embeddable":true,"href":"https:\/\/cetaguaecuador.com\/web\/wp-json\/wp\/v2\/comments?post=193"}],"version-history":[{"count":76,"href":"https:\/\/cetaguaecuador.com\/web\/wp-json\/wp\/v2\/pages\/193\/revisions"}],"predecessor-version":[{"id":602,"href":"https:\/\/cetaguaecuador.com\/web\/wp-json\/wp\/v2\/pages\/193\/revisions\/602"}],"wp:attachment":[{"href":"https:\/\/cetaguaecuador.com\/web\/wp-json\/wp\/v2\/media?parent=193"}],"curies":[{"name":"wp","href":"https:\/\/api.w.org\/{rel}","templated":true}]}}